{"id":1263,"date":"2025-04-09T00:33:35","date_gmt":"2025-04-08T22:33:35","guid":{"rendered":"https:\/\/liongateproperty.com\/?page_id=1263"},"modified":"2025-04-11T04:35:14","modified_gmt":"2025-04-11T02:35:14","slug":"expertise","status":"publish","type":"page","link":"https:\/\/liongateproperty.com\/fr\/expertise\/","title":{"rendered":"Comp\u00e9tence"},"content":{"rendered":"<div data-elementor-type=\"wp-post\" data-elementor-id=\"1263\" class=\"elementor elementor-1263\" data-elementor-post-type=\"page\">\n\t\t\t\t<div class=\"elementor-element elementor-element-fc59771 e-flex e-con-boxed e-con e-parent\" data-id=\"fc59771\" data-element_type=\"container\" data-settings=\"{&quot;background_background&quot;:&quot;classic&quot;}\">\n\t\t\t\t\t<div class=\"e-con-inner\">\n\t\t<div class=\"elementor-element elementor-element-3e88d07 e-con-full e-flex e-con e-child\" data-id=\"3e88d07\" data-element_type=\"container\">\n\t\t\t\t<div class=\"elementor-element elementor-element-2669b1c elementor-widget elementor-widget-heading\" data-id=\"2669b1c\" data-element_type=\"widget\" data-widget_type=\"heading.default\">\n\t\t\t\t<div class=\"elementor-widget-container\">\n\t\t\t\t\t<h2 class=\"elementor-heading-title elementor-size-default\">Comp\u00e9tence<\/h2>\t\t\t\t<\/div>\n\t\t\t\t<\/div>\n\t\t\t\t<div class=\"elementor-element elementor-element-82f5453 elementor-widget-divider--view-line elementor-widget elementor-widget-divider\" data-id=\"82f5453\" data-element_type=\"widget\" data-widget_type=\"divider.default\">\n\t\t\t\t<div class=\"elementor-widget-container\">\n\t\t\t\t\t\t\t<div class=\"elementor-divider\">\n\t\t\t<span class=\"elementor-divider-separator\">\n\t\t\t\t\t\t<\/span>\n\t\t<\/div>\n\t\t\t\t\t\t<\/div>\n\t\t\t\t<\/div>\n\t\t\t\t<\/div>\n\t\t\t\t\t<\/div>\n\t\t\t\t<\/div>\n\t\t<div class=\"elementor-element elementor-element-e70198c e-flex e-con-boxed e-con e-parent\" data-id=\"e70198c\" data-element_type=\"container\" data-settings=\"{&quot;background_background&quot;:&quot;classic&quot;}\">\n\t\t\t\t\t<div class=\"e-con-inner\">\n\t\t\t\t<div class=\"elementor-element elementor-element-b9fe9a8 elementor-widget__width-inherit elementor-widget elementor-widget-heading\" data-id=\"b9fe9a8\" data-element_type=\"widget\" data-widget_type=\"heading.default\">\n\t\t\t\t<div class=\"elementor-widget-container\">\n\t\t\t\t\t<h2 class=\"elementor-heading-title elementor-size-default\">nos expertises <\/h2>\t\t\t\t<\/div>\n\t\t\t\t<\/div>\n\t\t\t\t\t<\/div>\n\t\t\t\t<\/div>\n\t\t<div class=\"elementor-element elementor-element-16954c4 e-grid e-con-boxed e-con e-parent\" data-id=\"16954c4\" data-element_type=\"container\">\n\t\t\t\t\t<div class=\"e-con-inner\">\n\t\t<div class=\"elementor-element elementor-element-eebfea6 e-con-full e-flex e-con e-child\" data-id=\"eebfea6\" data-element_type=\"container\">\n\t\t\t\t<div class=\"elementor-element elementor-element-c4c8386 elementor-widget elementor-widget-heading\" data-id=\"c4c8386\" data-element_type=\"widget\" data-widget_type=\"heading.default\">\n\t\t\t\t<div class=\"elementor-widget-container\">\n\t\t\t\t\t<h5 class=\"elementor-heading-title elementor-size-default\">\u00c9valuation de la propri\u00e9t\u00e9<\/h5>\t\t\t\t<\/div>\n\t\t\t\t<\/div>\n\t\t\t\t<div class=\"elementor-element elementor-element-18b1275 elementor-widget elementor-widget-text-editor\" data-id=\"18b1275\" data-element_type=\"widget\" data-widget_type=\"text-editor.default\">\n\t\t\t\t<div class=\"elementor-widget-container\">\n\t\t\t\t\t\t\t\t\t<p>Une \u00e9valuation pr\u00e9cise et raisonn\u00e9e de votre bien, prenant en compte tous les facteurs influen\u00e7ant sa valeur marchande. Une expertise minutieuse, appuy\u00e9e par une analyse comparative approfondie du march\u00e9.<\/p>\t\t\t\t\t\t\t\t<\/div>\n\t\t\t\t<\/div>\n\t\t\t\t<\/div>\n\t\t<div class=\"elementor-element elementor-element-f3fed77 e-con-full e-flex e-con e-child\" data-id=\"f3fed77\" data-element_type=\"container\">\n\t\t\t\t<div class=\"elementor-element elementor-element-42375ef elementor-widget elementor-widget-heading\" data-id=\"42375ef\" data-element_type=\"widget\" data-widget_type=\"heading.default\">\n\t\t\t\t<div class=\"elementor-widget-container\">\n\t\t\t\t\t<h5 class=\"elementor-heading-title elementor-size-default\">Commercialisation et promotion<\/h5>\t\t\t\t<\/div>\n\t\t\t\t<\/div>\n\t\t\t\t<div class=\"elementor-element elementor-element-3ec0e11 elementor-widget elementor-widget-text-editor\" data-id=\"3ec0e11\" data-element_type=\"widget\" data-widget_type=\"text-editor.default\">\n\t\t\t\t<div class=\"elementor-widget-container\">\n\t\t\t\t\t\t\t\t\t<p>Photos professionnelles de haute qualit\u00e9, descriptions captivantes qui mettent en valeur le charme et le caract\u00e8re unique de chaque bien, diffusion cibl\u00e9e sur les plateformes les plus prestigieuses, pour une visibilit\u00e9 maximale.<\/p>\t\t\t\t\t\t\t\t<\/div>\n\t\t\t\t<\/div>\n\t\t\t\t<\/div>\n\t\t<div class=\"elementor-element elementor-element-628c5d1 e-con-full e-flex e-con e-child\" data-id=\"628c5d1\" data-element_type=\"container\">\n\t\t\t\t<div class=\"elementor-element elementor-element-1a0b33c elementor-widget elementor-widget-heading\" data-id=\"1a0b33c\" data-element_type=\"widget\" data-widget_type=\"heading.default\">\n\t\t\t\t<div class=\"elementor-widget-container\">\n\t\t\t\t\t<h5 class=\"elementor-heading-title elementor-size-default\">Recherche de propri\u00e9t\u00e9<\/h5>\t\t\t\t<\/div>\n\t\t\t\t<\/div>\n\t\t\t\t<div class=\"elementor-element elementor-element-cc8f056 elementor-widget elementor-widget-text-editor\" data-id=\"cc8f056\" data-element_type=\"widget\" data-widget_type=\"text-editor.default\">\n\t\t\t\t<div class=\"elementor-widget-container\">\n\t\t\t\t\t\t\t\t\t<p>Un acc\u00e8s privil\u00e9gi\u00e9 \u00e0 un r\u00e9seau exclusif de propri\u00e9t\u00e9s, une recherche personnalis\u00e9e et discr\u00e8te, r\u00e9pondant parfaitement \u00e0 vos crit\u00e8res exigeants. Une s\u00e9lection raffin\u00e9e, o\u00f9 chaque article est une promesse d'excellence.<\/p>\t\t\t\t\t\t\t\t<\/div>\n\t\t\t\t<\/div>\n\t\t\t\t<\/div>\n\t\t<div class=\"elementor-element elementor-element-f63df5a e-con-full e-flex e-con e-child\" data-id=\"f63df5a\" data-element_type=\"container\">\n\t\t\t\t<div class=\"elementor-element elementor-element-d9d141d elementor-widget elementor-widget-heading\" data-id=\"d9d141d\" data-element_type=\"widget\" data-widget_type=\"heading.default\">\n\t\t\t\t<div class=\"elementor-widget-container\">\n\t\t\t\t\t<h5 class=\"elementor-heading-title elementor-size-default\">N\u00e9gociation<\/h5>\t\t\t\t<\/div>\n\t\t\t\t<\/div>\n\t\t\t\t<div class=\"elementor-element elementor-element-74c608b elementor-widget elementor-widget-text-editor\" data-id=\"74c608b\" data-element_type=\"widget\" data-widget_type=\"text-editor.default\">\n\t\t\t\t<div class=\"elementor-widget-container\">\n\t\t\t\t\t\t\t\t\t<p>Un accompagnement expert tout au long du processus de n\u00e9gociation, pour obtenir les meilleures conditions possibles et garantir la protection de vos int\u00e9r\u00eats.<\/p>\t\t\t\t\t\t\t\t<\/div>\n\t\t\t\t<\/div>\n\t\t\t\t<\/div>\n\t\t<div class=\"elementor-element elementor-element-f54eb7a e-con-full e-flex e-con e-child\" data-id=\"f54eb7a\" data-element_type=\"container\">\n\t\t\t\t<div class=\"elementor-element elementor-element-3dd471a elementor-widget elementor-widget-heading\" data-id=\"3dd471a\" data-element_type=\"widget\" data-widget_type=\"heading.default\">\n\t\t\t\t<div class=\"elementor-widget-container\">\n\t\t\t\t\t<h5 class=\"elementor-heading-title elementor-size-default\">Gestion locative<\/h5>\t\t\t\t<\/div>\n\t\t\t\t<\/div>\n\t\t\t\t<div class=\"elementor-element elementor-element-18b187a elementor-widget elementor-widget-text-editor\" data-id=\"18b187a\" data-element_type=\"widget\" data-widget_type=\"text-editor.default\">\n\t\t\t\t<div class=\"elementor-widget-container\">\n\t\t\t\t\t\t\t\t\t<p>Gestion compl\u00e8te et sans tracas de votre bien, de la recherche de locataires \u00e0 la gestion des loyers, en passant par l'entretien et la r\u00e9solution des probl\u00e8mes techniques. Un service sur mesure, pour une tranquillit\u00e9 d'esprit absolue.<\/p>\t\t\t\t\t\t\t\t<\/div>\n\t\t\t\t<\/div>\n\t\t\t\t<\/div>\n\t\t<div class=\"elementor-element elementor-element-ad4e09c e-con-full e-flex e-con e-child\" data-id=\"ad4e09c\" data-element_type=\"container\">\n\t\t\t\t<div class=\"elementor-element elementor-element-8aab7c5 elementor-widget elementor-widget-heading\" data-id=\"8aab7c5\" data-element_type=\"widget\" data-widget_type=\"heading.default\">\n\t\t\t\t<div class=\"elementor-widget-container\">\n\t\t\t\t\t<h5 class=\"elementor-heading-title elementor-size-default\">Conseils juridiques et fiscaux<\/h5>\t\t\t\t<\/div>\n\t\t\t\t<\/div>\n\t\t\t\t<div class=\"elementor-element elementor-element-947eff6 elementor-widget elementor-widget-text-editor\" data-id=\"947eff6\" data-element_type=\"widget\" data-widget_type=\"text-editor.default\">\n\t\t\t\t<div class=\"elementor-widget-container\">\n\t\t\t\t\t\t\t\t\t<p>Un accompagnement personnalis\u00e9, vous garantissant de prendre les d\u00e9cisions les plus \u00e9clair\u00e9es, dans le plein respect de la l\u00e9gislation en vigueur.<\/p>\t\t\t\t\t\t\t\t<\/div>\n\t\t\t\t<\/div>\n\t\t\t\t<\/div>\n\t\t<div class=\"elementor-element elementor-element-e0a09a4 e-con-full e-flex e-con e-child\" data-id=\"e0a09a4\" data-element_type=\"container\">\n\t\t\t\t<\/div>\n\t\t<div class=\"elementor-element elementor-element-256dc03 e-con-full e-flex e-con e-child\" data-id=\"256dc03\" data-element_type=\"container\">\n\t\t\t\t<div class=\"elementor-element elementor-element-ae724c7 elementor-widget elementor-widget-heading\" data-id=\"ae724c7\" data-element_type=\"widget\" data-widget_type=\"heading.default\">\n\t\t\t\t<div class=\"elementor-widget-container\">\n\t\t\t\t\t<h5 class=\"elementor-heading-title elementor-size-default\">Internationalisation<\/h5>\t\t\t\t<\/div>\n\t\t\t\t<\/div>\n\t\t\t\t<div class=\"elementor-element elementor-element-ed6854c elementor-widget elementor-widget-text-editor\" data-id=\"ed6854c\" data-element_type=\"widget\" data-widget_type=\"text-editor.default\">\n\t\t\t\t<div class=\"elementor-widget-container\">\n\t\t\t\t\t\t\t\t\t<p>Un r\u00e9seau international de partenaires, pour faciliter vos transactions immobili\u00e8res \u00e0 l'\u00e9tranger. Une ouverture sur le monde, pour des opportunit\u00e9s illimit\u00e9es.<\/p>\t\t\t\t\t\t\t\t<\/div>\n\t\t\t\t<\/div>\n\t\t\t\t<\/div>\n\t\t<div class=\"elementor-element elementor-element-0f95b29 e-con-full e-flex e-con e-child\" data-id=\"0f95b29\" data-element_type=\"container\">\n\t\t\t\t<\/div>\n\t\t\t\t\t<\/div>\n\t\t\t\t<\/div>\n\t\t<div class=\"elementor-element elementor-element-1c88663 e-flex e-con-boxed e-con e-parent\" data-id=\"1c88663\" data-element_type=\"container\">\n\t\t\t\t\t<div class=\"e-con-inner\">\n\t\t\t\t<div class=\"elementor-element elementor-element-527812a elementor-widget elementor-widget-gallery\" data-id=\"527812a\" data-element_type=\"widget\" data-settings=\"{&quot;lazyload&quot;:&quot;yes&quot;,&quot;gallery_layout&quot;:&quot;grid&quot;,&quot;columns&quot;:4,&quot;columns_tablet&quot;:2,&quot;columns_mobile&quot;:1,&quot;gap&quot;:{&quot;unit&quot;:&quot;px&quot;,&quot;size&quot;:10,&quot;sizes&quot;:[]},&quot;gap_tablet&quot;:{&quot;unit&quot;:&quot;px&quot;,&quot;size&quot;:10,&quot;sizes&quot;:[]},&quot;gap_mobile&quot;:{&quot;unit&quot;:&quot;px&quot;,&quot;size&quot;:10,&quot;sizes&quot;:[]},&quot;link_to&quot;:&quot;file&quot;,&quot;aspect_ratio&quot;:&quot;3:2&quot;,&quot;overlay_background&quot;:&quot;yes&quot;,&quot;content_hover_animation&quot;:&quot;fade-in&quot;}\" data-widget_type=\"gallery.default\">\n\t\t\t\t<div class=\"elementor-widget-container\">\n\t\t\t\t\t\t\t<div class=\"elementor-gallery__container\">\n\t\t\t\t\t\t\t<a class=\"e-gallery-item elementor-gallery-item elementor-animated-content\" href=\"https:\/\/liongateproperty.com\/wp-content\/uploads\/2025\/04\/estate-window-sofa-1-1.jpg\" data-elementor-open-lightbox=\"yes\" data-elementor-lightbox-slideshow=\"527812a\" data-elementor-lightbox-title=\"estate-window-sofa-1.jpg\" data-e-action-hash=\"#elementor-action%3Aaction%3Dlightbox%26settings%3DeyJpZCI6MTMxNiwidXJsIjoiaHR0cHM6XC9cL2xpb25nYXRlcHJvcGVydHkuY29tXC93cC1jb250ZW50XC91cGxvYWRzXC8yMDI1XC8wNFwvZXN0YXRlLXdpbmRvdy1zb2ZhLTEtMS5qcGciLCJzbGlkZXNob3ciOiI1Mjc4MTJhIn0%3D\">\n\t\t\t\t\t<div class=\"e-gallery-image elementor-gallery-item__image\" data-thumbnail=\"https:\/\/liongateproperty.com\/wp-content\/uploads\/2025\/04\/estate-window-sofa-1-1-300x169.jpg\" data-width=\"300\" data-height=\"169\" aria-label=\"\" role=\"img\" ><\/div>\n\t\t\t\t\t\t\t\t\t\t\t<div class=\"elementor-gallery-item__overlay\"><\/div>\n\t\t\t\t\t\t\t\t\t\t\t\t\t\t<\/a>\n\t\t\t\t\t\t\t<a class=\"e-gallery-item elementor-gallery-item elementor-animated-content\" href=\"https:\/\/liongateproperty.com\/wp-content\/uploads\/2025\/04\/estate-window-sofa-1.jpg\" data-elementor-open-lightbox=\"yes\" data-elementor-lightbox-slideshow=\"527812a\" data-elementor-lightbox-title=\"estate-window-sofa.jpg\" data-e-action-hash=\"#elementor-action%3Aaction%3Dlightbox%26settings%3DeyJpZCI6MTI2OCwidXJsIjoiaHR0cHM6XC9cL2xpb25nYXRlcHJvcGVydHkuY29tXC93cC1jb250ZW50XC91cGxvYWRzXC8yMDI1XC8wNFwvZXN0YXRlLXdpbmRvdy1zb2ZhLTEuanBnIiwic2xpZGVzaG93IjoiNTI3ODEyYSJ9\">\n\t\t\t\t\t<div class=\"e-gallery-image elementor-gallery-item__image\" data-thumbnail=\"https:\/\/liongateproperty.com\/wp-content\/uploads\/2025\/04\/estate-window-sofa-1-300x169.jpg\" data-width=\"300\" data-height=\"169\" aria-label=\"\" role=\"img\" ><\/div>\n\t\t\t\t\t\t\t\t\t\t\t<div class=\"elementor-gallery-item__overlay\"><\/div>\n\t\t\t\t\t\t\t\t\t\t\t\t\t\t<\/a>\n\t\t\t\t\t\t\t<a class=\"e-gallery-item elementor-gallery-item elementor-animated-content\" href=\"https:\/\/liongateproperty.com\/wp-content\/uploads\/2025\/04\/img-09-free-img-1-1-1.jpg\" data-elementor-open-lightbox=\"yes\" data-elementor-lightbox-slideshow=\"527812a\" data-elementor-lightbox-title=\"img-09-free-img-1-1.jpg\" data-e-action-hash=\"#elementor-action%3Aaction%3Dlightbox%26settings%3DeyJpZCI6MTMxNywidXJsIjoiaHR0cHM6XC9cL2xpb25nYXRlcHJvcGVydHkuY29tXC93cC1jb250ZW50XC91cGxvYWRzXC8yMDI1XC8wNFwvaW1nLTA5LWZyZWUtaW1nLTEtMS0xLmpwZyIsInNsaWRlc2hvdyI6IjUyNzgxMmEifQ%3D%3D\">\n\t\t\t\t\t<div class=\"e-gallery-image elementor-gallery-item__image\" data-thumbnail=\"https:\/\/liongateproperty.com\/wp-content\/uploads\/2025\/04\/img-09-free-img-1-1-1-300x200.jpg\" data-width=\"300\" data-height=\"200\" aria-label=\"\" role=\"img\" ><\/div>\n\t\t\t\t\t\t\t\t\t\t\t<div class=\"elementor-gallery-item__overlay\"><\/div>\n\t\t\t\t\t\t\t\t\t\t\t\t\t\t<\/a>\n\t\t\t\t\t\t\t<a class=\"e-gallery-item elementor-gallery-item elementor-animated-content\" href=\"https:\/\/liongateproperty.com\/wp-content\/uploads\/2025\/04\/img-08-free-img-1-1-1.jpg\" data-elementor-open-lightbox=\"yes\" data-elementor-lightbox-slideshow=\"527812a\" data-elementor-lightbox-title=\"img-08-free-img-1-1.jpg\" data-e-action-hash=\"#elementor-action%3Aaction%3Dlightbox%26settings%3DeyJpZCI6MTMxOCwidXJsIjoiaHR0cHM6XC9cL2xpb25nYXRlcHJvcGVydHkuY29tXC93cC1jb250ZW50XC91cGxvYWRzXC8yMDI1XC8wNFwvaW1nLTA4LWZyZWUtaW1nLTEtMS0xLmpwZyIsInNsaWRlc2hvdyI6IjUyNzgxMmEifQ%3D%3D\">\n\t\t\t\t\t<div class=\"e-gallery-image elementor-gallery-item__image\" data-thumbnail=\"https:\/\/liongateproperty.com\/wp-content\/uploads\/2025\/04\/img-08-free-img-1-1-1-300x200.jpg\" data-width=\"300\" data-height=\"200\" aria-label=\"\" role=\"img\" ><\/div>\n\t\t\t\t\t\t\t\t\t\t\t<div class=\"elementor-gallery-item__overlay\"><\/div>\n\t\t\t\t\t\t\t\t\t\t\t\t\t\t<\/a>\n\t\t\t\t\t\t\t<a class=\"e-gallery-item elementor-gallery-item elementor-animated-content\" href=\"https:\/\/liongateproperty.com\/wp-content\/uploads\/2025\/04\/estate-living-room-1-1-1.jpg\" data-elementor-open-lightbox=\"yes\" data-elementor-lightbox-slideshow=\"527812a\" data-elementor-lightbox-title=\"estate-living-room-1-1.jpg\" data-e-action-hash=\"#elementor-action%3Aaction%3Dlightbox%26settings%3DeyJpZCI6MTMxOSwidXJsIjoiaHR0cHM6XC9cL2xpb25nYXRlcHJvcGVydHkuY29tXC93cC1jb250ZW50XC91cGxvYWRzXC8yMDI1XC8wNFwvZXN0YXRlLWxpdmluZy1yb29tLTEtMS0xLmpwZyIsInNsaWRlc2hvdyI6IjUyNzgxMmEifQ%3D%3D\">\n\t\t\t\t\t<div class=\"e-gallery-image elementor-gallery-item__image\" data-thumbnail=\"https:\/\/liongateproperty.com\/wp-content\/uploads\/2025\/04\/estate-living-room-1-1-1-300x200.jpg\" data-width=\"300\" data-height=\"200\" aria-label=\"\" role=\"img\" ><\/div>\n\t\t\t\t\t\t\t\t\t\t\t<div class=\"elementor-gallery-item__overlay\"><\/div>\n\t\t\t\t\t\t\t\t\t\t\t\t\t\t<\/a>\n\t\t\t\t\t\t\t<a class=\"e-gallery-item elementor-gallery-item elementor-animated-content\" href=\"https:\/\/liongateproperty.com\/wp-content\/uploads\/2025\/04\/img-10-free-img-1-1-1.jpg\" data-elementor-open-lightbox=\"yes\" data-elementor-lightbox-slideshow=\"527812a\" data-elementor-lightbox-title=\"img-10-free-img-1-1.jpg\" data-e-action-hash=\"#elementor-action%3Aaction%3Dlightbox%26settings%3DeyJpZCI6MTMyMCwidXJsIjoiaHR0cHM6XC9cL2xpb25nYXRlcHJvcGVydHkuY29tXC93cC1jb250ZW50XC91cGxvYWRzXC8yMDI1XC8wNFwvaW1nLTEwLWZyZWUtaW1nLTEtMS0xLmpwZyIsInNsaWRlc2hvdyI6IjUyNzgxMmEifQ%3D%3D\">\n\t\t\t\t\t<div class=\"e-gallery-image elementor-gallery-item__image\" data-thumbnail=\"https:\/\/liongateproperty.com\/wp-content\/uploads\/2025\/04\/img-10-free-img-1-1-1-300x200.jpg\" data-width=\"300\" data-height=\"200\" aria-label=\"\" role=\"img\" ><\/div>\n\t\t\t\t\t\t\t\t\t\t\t<div class=\"elementor-gallery-item__overlay\"><\/div>\n\t\t\t\t\t\t\t\t\t\t\t\t\t\t<\/a>\n\t\t\t\t\t\t\t<a class=\"e-gallery-item elementor-gallery-item elementor-animated-content\" href=\"https:\/\/liongateproperty.com\/wp-content\/uploads\/2025\/04\/estate-elegant-flat-1-1.jpg\" data-elementor-open-lightbox=\"yes\" data-elementor-lightbox-slideshow=\"527812a\" data-elementor-lightbox-title=\"estate-elegant-flat-1.jpg\" data-e-action-hash=\"#elementor-action%3Aaction%3Dlightbox%26settings%3DeyJpZCI6MTMyMSwidXJsIjoiaHR0cHM6XC9cL2xpb25nYXRlcHJvcGVydHkuY29tXC93cC1jb250ZW50XC91cGxvYWRzXC8yMDI1XC8wNFwvZXN0YXRlLWVsZWdhbnQtZmxhdC0xLTEuanBnIiwic2xpZGVzaG93IjoiNTI3ODEyYSJ9\">\n\t\t\t\t\t<div class=\"e-gallery-image elementor-gallery-item__image\" data-thumbnail=\"https:\/\/liongateproperty.com\/wp-content\/uploads\/2025\/04\/estate-elegant-flat-1-1-300x201.jpg\" data-width=\"300\" data-height=\"201\" aria-label=\"\" role=\"img\" ><\/div>\n\t\t\t\t\t\t\t\t\t\t\t<div class=\"elementor-gallery-item__overlay\"><\/div>\n\t\t\t\t\t\t\t\t\t\t\t\t\t\t<\/a>\n\t\t\t\t\t\t\t<a class=\"e-gallery-item elementor-gallery-item elementor-animated-content\" href=\"https:\/\/liongateproperty.com\/wp-content\/uploads\/2025\/04\/estate-living-window-1-1.jpg\" data-elementor-open-lightbox=\"yes\" data-elementor-lightbox-slideshow=\"527812a\" data-elementor-lightbox-title=\"estate-living-window-1.jpg\" data-e-action-hash=\"#elementor-action%3Aaction%3Dlightbox%26settings%3DeyJpZCI6MTMyMiwidXJsIjoiaHR0cHM6XC9cL2xpb25nYXRlcHJvcGVydHkuY29tXC93cC1jb250ZW50XC91cGxvYWRzXC8yMDI1XC8wNFwvZXN0YXRlLWxpdmluZy13aW5kb3ctMS0xLmpwZyIsInNsaWRlc2hvdyI6IjUyNzgxMmEifQ%3D%3D\">\n\t\t\t\t\t<div class=\"e-gallery-image elementor-gallery-item__image\" data-thumbnail=\"https:\/\/liongateproperty.com\/wp-content\/uploads\/2025\/04\/estate-living-window-1-1-300x169.jpg\" data-width=\"300\" data-height=\"169\" aria-label=\"\" role=\"img\" ><\/div>\n\t\t\t\t\t\t\t\t\t\t\t<div class=\"elementor-gallery-item__overlay\"><\/div>\n\t\t\t\t\t\t\t\t\t\t\t\t\t\t<\/a>\n\t\t\t\t\t<\/div>\n\t\t\t\t\t<\/div>\n\t\t\t\t<\/div>\n\t\t\t\t\t<\/div>\n\t\t\t\t<\/div>\n\t\t\t\t<\/div>","protected":false},"excerpt":{"rendered":"<p>Expertise our expertises Property Valuation A precise and reasoned evaluation of your property, taking into account all the factors influencing its market value. Careful expertise, supported by in-depth comparative market analysis. Marketing and promotion High-quality professional photos, captivating descriptions that highlight the charm and unique character of each property, targeted distribution on the most prestigious [&hellip;]<\/p>","protected":false},"author":1,"featured_media":0,"parent":0,"menu_order":0,"comment_status":"closed","ping_status":"closed","template":"","meta":{"_seopress_robots_primary_cat":"","_seopress_titles_title":"","_seopress_titles_desc":"","_seopress_robots_index":"","site-sidebar-layout":"no-sidebar","site-content-layout":"page-builder","ast-site-content-layout":"full-width-container","site-content-style":"unboxed","site-sidebar-style":"unboxed","ast-global-header-display":"","ast-banner-title-visibility":"","ast-main-header-display":"","ast-hfb-above-header-display":"","ast-hfb-below-header-display":"","ast-hfb-mobile-header-display":"","site-post-title":"disabled","ast-breadcrumbs-content":"disabled","ast-featured-img":"disabled","footer-sml-layout":"","theme-transparent-header-meta":"enabled","adv-header-id-meta":"","stick-header-meta":"","header-above-stick-meta":"","header-main-stick-meta":"","header-below-stick-meta":"","astra-migrate-meta-layouts":"set","ast-page-background-enabled":"default","ast-page-background-meta":{"desktop":{"background-color":"","background-image":"","background-repeat":"repeat","background-position":"center center","background-size":"auto","background-attachment":"scroll","background-type":"","background-media":"","overlay-type":"","overlay-color":"","overlay-opacity":"","overlay-gradient":""},"tablet":{"background-color":"","background-image":"","background-repeat":"repeat","background-position":"center center","background-size":"auto","background-attachment":"scroll","background-type":"","background-media":"","overlay-type":"","overlay-color":"","overlay-opacity":"","overlay-gradient":""},"mobile":{"background-color":"","background-image":"","background-repeat":"repeat","background-position":"center center","background-size":"auto","background-attachment":"scroll","background-type":"","background-media":"","overlay-type":"","overlay-color":"","overlay-opacity":"","overlay-gradient":""}},"ast-content-background-meta":{"desktop":{"background-color":"var(--ast-global-color-5)","background-image":"","background-repeat":"repeat","background-position":"center center","background-size":"auto","background-attachment":"scroll","background-type":"","background-media":"","overlay-type":"","overlay-color":"","overlay-opacity":"","overlay-gradient":""},"tablet":{"background-color":"var(--ast-global-color-5)","background-image":"","background-repeat":"repeat","background-position":"center center","background-size":"auto","background-attachment":"scroll","background-type":"","background-media":"","overlay-type":"","overlay-color":"","overlay-opacity":"","overlay-gradient":""},"mobile":{"background-color":"var(--ast-global-color-5)","background-image":"","background-repeat":"repeat","background-position":"center center","background-size":"auto","background-attachment":"scroll","background-type":"","background-media":"","overlay-type":"","overlay-color":"","overlay-opacity":"","overlay-gradient":""}},"footnotes":""},"class_list":["post-1263","page","type-page","status-publish","hentry"],"_links":{"self":[{"href":"https:\/\/liongateproperty.com\/fr\/wp-json\/wp\/v2\/pages\/1263","targetHints":{"allow":["GET"]}}],"collection":[{"href":"https:\/\/liongateproperty.com\/fr\/wp-json\/wp\/v2\/pages"}],"about":[{"href":"https:\/\/liongateproperty.com\/fr\/wp-json\/wp\/v2\/types\/page"}],"author":[{"embeddable":true,"href":"https:\/\/liongateproperty.com\/fr\/wp-json\/wp\/v2\/users\/1"}],"replies":[{"embeddable":true,"href":"https:\/\/liongateproperty.com\/fr\/wp-json\/wp\/v2\/comments?post=1263"}],"version-history":[{"count":42,"href":"https:\/\/liongateproperty.com\/fr\/wp-json\/wp\/v2\/pages\/1263\/revisions"}],"predecessor-version":[{"id":1328,"href":"https:\/\/liongateproperty.com\/fr\/wp-json\/wp\/v2\/pages\/1263\/revisions\/1328"}],"wp:attachment":[{"href":"https:\/\/liongateproperty.com\/fr\/wp-json\/wp\/v2\/media?parent=1263"}],"curies":[{"name":"wp","href":"https:\/\/api.w.org\/{rel}","templated":true}]}}