{"id":20,"date":"2025-03-28T20:46:07","date_gmt":"2025-03-28T19:46:07","guid":{"rendered":"https:\/\/liongateproperty.com\/index.php\/faq\/"},"modified":"2025-06-14T17:15:21","modified_gmt":"2025-06-14T15:15:21","slug":"faq","status":"publish","type":"page","link":"https:\/\/liongateproperty.com\/fr\/faq\/","title":{"rendered":"FAQ"},"content":{"rendered":"<div data-elementor-type=\"wp-post\" data-elementor-id=\"20\" class=\"elementor elementor-20\" data-elementor-post-type=\"page\">\n\t\t\t\t<div class=\"elementor-element elementor-element-c17febd e-flex e-con-boxed e-con e-parent\" data-id=\"c17febd\" data-element_type=\"container\" data-settings=\"{&quot;background_background&quot;:&quot;classic&quot;}\">\n\t\t\t\t\t<div class=\"e-con-inner\">\n\t\t<div class=\"elementor-element elementor-element-7e41760 e-con-full e-flex e-con e-child\" data-id=\"7e41760\" data-element_type=\"container\">\n\t\t\t\t<div class=\"elementor-element elementor-element-e6a98eb elementor-widget elementor-widget-heading\" data-id=\"e6a98eb\" data-element_type=\"widget\" data-widget_type=\"heading.default\">\n\t\t\t\t<div class=\"elementor-widget-container\">\n\t\t\t\t\t<h2 class=\"elementor-heading-title elementor-size-default\">FAQ<\/h2>\t\t\t\t<\/div>\n\t\t\t\t<\/div>\n\t\t\t\t<div class=\"elementor-element elementor-element-ba08bc4 elementor-widget-divider--view-line elementor-widget elementor-widget-divider\" data-id=\"ba08bc4\" data-element_type=\"widget\" data-widget_type=\"divider.default\">\n\t\t\t\t<div class=\"elementor-widget-container\">\n\t\t\t\t\t\t\t<div class=\"elementor-divider\">\n\t\t\t<span class=\"elementor-divider-separator\">\n\t\t\t\t\t\t<\/span>\n\t\t<\/div>\n\t\t\t\t\t\t<\/div>\n\t\t\t\t<\/div>\n\t\t\t\t<\/div>\n\t\t\t\t\t<\/div>\n\t\t\t\t<\/div>\n\t\t<div class=\"elementor-element elementor-element-17dc35d e-flex e-con-boxed e-con e-parent\" data-id=\"17dc35d\" data-element_type=\"container\" data-settings=\"{&quot;background_background&quot;:&quot;classic&quot;}\">\n\t\t\t\t\t<div class=\"e-con-inner\">\n\t\t<div class=\"elementor-element elementor-element-40769f7 e-con-full e-flex e-con e-child\" data-id=\"40769f7\" data-element_type=\"container\">\n\t\t\t\t<div class=\"elementor-element elementor-element-6875167 elementor-widget elementor-widget-heading\" data-id=\"6875167\" data-element_type=\"widget\" data-widget_type=\"heading.default\">\n\t\t\t\t<div class=\"elementor-widget-container\">\n\t\t\t\t\t<h6 class=\"elementor-heading-title elementor-size-default\">Investissement immobilier en Turquie pour les \u00e9trangers<\/h6>\t\t\t\t<\/div>\n\t\t\t\t<\/div>\n\t\t\t\t<div class=\"elementor-element elementor-element-a5904f1 elementor-widget elementor-widget-heading\" data-id=\"a5904f1\" data-element_type=\"widget\" data-widget_type=\"heading.default\">\n\t\t\t\t<div class=\"elementor-widget-container\">\n\t\t\t\t\t<h2 class=\"elementor-heading-title elementor-size-default\">Foire aux questions<\/h2>\t\t\t\t<\/div>\n\t\t\t\t<\/div>\n\t\t\t\t<div class=\"elementor-element elementor-element-847a5c9 elementor-widget-divider--view-line elementor-widget elementor-widget-divider\" data-id=\"847a5c9\" data-element_type=\"widget\" data-widget_type=\"divider.default\">\n\t\t\t\t<div class=\"elementor-widget-container\">\n\t\t\t\t\t\t\t<div class=\"elementor-divider\">\n\t\t\t<span class=\"elementor-divider-separator\">\n\t\t\t\t\t\t<\/span>\n\t\t<\/div>\n\t\t\t\t\t\t<\/div>\n\t\t\t\t<\/div>\n\t\t<div class=\"elementor-element elementor-element-51b7eee e-flex e-con-boxed e-con e-child\" data-id=\"51b7eee\" data-element_type=\"container\">\n\t\t\t\t\t<div class=\"e-con-inner\">\n\t\t<div class=\"elementor-element elementor-element-13a0cb8 e-con-full e-flex e-con e-child\" data-id=\"13a0cb8\" data-element_type=\"container\">\n\t\t\t\t<div class=\"elementor-element elementor-element-f2913b6 elementor-widget elementor-widget-heading\" data-id=\"f2913b6\" data-element_type=\"widget\" data-widget_type=\"heading.default\">\n\t\t\t\t<div class=\"elementor-widget-container\">\n\t\t\t\t\t<h5 class=\"elementor-heading-title elementor-size-default\">1. Pourquoi les \u00e9trangers devraient-ils envisager d\u2019investir dans l\u2019immobilier turc ?<\/h5>\t\t\t\t<\/div>\n\t\t\t\t<\/div>\n\t\t\t\t<div class=\"elementor-element elementor-element-4252994 elementor-widget elementor-widget-text-editor\" data-id=\"4252994\" data-element_type=\"widget\" data-widget_type=\"text-editor.default\">\n\t\t\t\t<div class=\"elementor-widget-container\">\n\t\t\t\t\t\t\t\t\t<p class=\"translation-block\">La Turquie offre un \u00a0<strong>m\u00e9lange unique d\u2019accessibilit\u00e9, de rendements \u00e9lev\u00e9s et d\u2019avantages li\u00e9s au style de vie<\/strong>:<\/p><ul><li class=\"translation-block\"><strong>Citoyennet\u00e9 et r\u00e9sidence<\/strong>: Investissez 400 000 $ ou plus pour obtenir la citoyennet\u00e9 turque (y compris la famille) ou 200 000 $ ou plus pour obtenir un permis de r\u00e9sidence renouvelable 1411.<\/li><li class=\"translation-block\"><strong>Prix abordables<\/strong>: Le prix moyen de l'immobilier est de 1 800 \u20ac\/m\u00b2, soit un niveau nettement inf\u00e9rieur \u00e0 celui des autres destinations europ\u00e9ennes 459.<\/li><li class=\"translation-block\"><strong>ROI \u00e9lev\u00e9I<\/strong>: Istanbul et les zones c\u00f4ti\u00e8res comme Antalya offrent des rendements locatifs de 5 \u00e0 8 % et une appr\u00e9ciation du capital jusqu'\u00e0 25 % par an 412.<\/li><li class=\"translation-block\"><strong>Boom du tourisme<\/strong> : Plus de 30 millions de touristes stimulent la demande de locations \u00e0 court terme 58.<\/li><li class=\"translation-block\"><strong>Emplacement strat\u00e9gique<\/strong> : Des ponts entre l'Europe et l'Asie, avec des a\u00e9roports modernes (par exemple, l'a\u00e9roport d'Istanbul) permettant une connectivit\u00e9 mondiale 18.<\/li><\/ul>\t\t\t\t\t\t\t\t<\/div>\n\t\t\t\t<\/div>\n\t\t\t\t<div class=\"elementor-element elementor-element-dd3f9ad elementor-widget elementor-widget-heading\" data-id=\"dd3f9ad\" data-element_type=\"widget\" data-widget_type=\"heading.default\">\n\t\t\t\t<div class=\"elementor-widget-container\">\n\t\t\t\t\t<h5 class=\"elementor-heading-title elementor-size-default\">2. Quelles sont les conditions d\u2019\u00e9ligibilit\u00e9 pour les acheteurs \u00e9trangers ?<\/h5>\t\t\t\t<\/div>\n\t\t\t\t<\/div>\n\t\t\t\t<div class=\"elementor-element elementor-element-674d81f elementor-widget elementor-widget-text-editor\" data-id=\"674d81f\" data-element_type=\"widget\" data-widget_type=\"text-editor.default\">\n\t\t\t\t<div class=\"elementor-widget-container\">\n\t\t\t\t\t\t\t\t\t<p>La plupart des nationalit\u00e9s peuvent acheter librement, mais :<\/p><ul><li class=\"translation-block\"><strong>Des restrictions s'appliquent<\/strong>:Les citoyens d'Arm\u00e9nie, de Syrie, de Cor\u00e9e du Nord, du Nig\u00e9ria, de Cuba ou du Y\u00e9men ne peuvent pas acheter 10.<\/li><li class=\"translation-block\"><strong>Limites de zone<\/strong> :Les \u00e9trangers peuvent poss\u00e9der jusqu'\u00e0 30 hectares (environ 30 000 m\u00b2) 10.<\/li><li class=\"translation-block\"><strong>Zones militaires<\/strong>:Les propri\u00e9t\u00e9s situ\u00e9es dans des zones de s\u00e9curit\u00e9 interdites n\u00e9cessitent des permis sp\u00e9ciaux 10.<\/li><\/ul>\t\t\t\t\t\t\t\t<\/div>\n\t\t\t\t<\/div>\n\t\t\t\t<div class=\"elementor-element elementor-element-7913d98 elementor-widget elementor-widget-heading\" data-id=\"7913d98\" data-element_type=\"widget\" data-widget_type=\"heading.default\">\n\t\t\t\t<div class=\"elementor-widget-container\">\n\t\t\t\t\t<h5 class=\"elementor-heading-title elementor-size-default\">3. Comment se d\u00e9roule le processus d\u2019achat d\u2019un bien immobilier ?<\/h5>\t\t\t\t<\/div>\n\t\t\t\t<\/div>\n\t\t\t\t<div class=\"elementor-element elementor-element-e8f4efe elementor-widget elementor-widget-text-editor\" data-id=\"e8f4efe\" data-element_type=\"widget\" data-widget_type=\"text-editor.default\">\n\t\t\t\t<div class=\"elementor-widget-container\">\n\t\t\t\t\t\t\t\t\t<p class=\"translation-block\">Le processus est simplifi\u00e9 et se termine g\u00e9n\u00e9ralement en \u00a0<strong>7 \u00e0 14 jours<\/strong> :<\/p><ol><li class=\"translation-block\"><strong>Choisissez une propri\u00e9t\u00e9<\/strong>:Travaillez avec un agent agr\u00e9\u00e9.<\/li><li class=\"translation-block\"><strong>R\u00e9serve<\/strong>: Payer un acompte (1 000 $ \u00e0 5 000 $).<\/li><li class=\"translation-block\"><strong>Signer le contrat<\/strong>: R\u00e9diger un contrat de vente bilingue.<\/li><li class=\"translation-block\"><strong>V\u00e9rifications l\u00e9gales<\/strong>: V\u00e9rifiez les titres de propri\u00e9t\u00e9 (TAPU), l'\u00e9tat de la dette et les permis de zonage.<\/li><li class=\"translation-block\"><strong>Payer et s'inscrirer<\/strong>: Transf\u00e9rez le solde et payez les taxes (frais de titre de propri\u00e9t\u00e9 de 4 %).<\/li><\/ol>\t\t\t\t\t\t\t\t<\/div>\n\t\t\t\t<\/div>\n\t\t\t\t<div class=\"elementor-element elementor-element-ef25ecf elementor-widget elementor-widget-heading\" data-id=\"ef25ecf\" data-element_type=\"widget\" data-widget_type=\"heading.default\">\n\t\t\t\t<div class=\"elementor-widget-container\">\n\t\t\t\t\t<h5 class=\"elementor-heading-title elementor-size-default\">4. \u00c0 quels co\u00fbts au-del\u00e0 du prix de l\u2019immobilier dois-je m\u2019attendre ?<\/h5>\t\t\t\t<\/div>\n\t\t\t\t<\/div>\n\t\t\t\t<div class=\"elementor-element elementor-element-a078e74 elementor-widget elementor-widget-text-editor\" data-id=\"a078e74\" data-element_type=\"widget\" data-widget_type=\"text-editor.default\">\n\t\t\t\t<div class=\"elementor-widget-container\">\n\t\t\t\t\t\t\t\t\t<p class=\"translation-block\">Pr\u00e9voyez un budget de <strong>6 \u00e0 10 % de frais suppl\u00e9mentaires<\/strong>\u00a0 812 :<\/p><table><thead><tr><td><p><strong>Type de frais<\/strong><\/p><\/td><td><p><strong>Co\u00fbt<\/strong><\/p><\/td><\/tr><\/thead><tbody><tr><td><p>Taxe de transfert de titre de propri\u00e9t\u00e9<\/p><\/td><td><p>4% de la valeur de la propri\u00e9t\u00e9<\/p><\/td><\/tr><tr><td><p>Frais d'agence<\/p><\/td><td><p>1 \u00e0 3 %<\/p><\/td><\/tr><tr><td><p>Frais juridiques\/d'\u00e9valuation<\/p><\/td><td><p>1 000 $ \u00e0 2 500 $<\/p><\/td><\/tr><tr><td><p>Assurance tremblement de terre (DASK)<\/p><\/td><td><p>Obligatoire (varie selon la propri\u00e9t\u00e9)<\/p><\/td><\/tr><\/tbody><\/table>\t\t\t\t\t\t\t\t<\/div>\n\t\t\t\t<\/div>\n\t\t\t\t<div class=\"elementor-element elementor-element-43f3881 elementor-widget elementor-widget-heading\" data-id=\"43f3881\" data-element_type=\"widget\" data-widget_type=\"heading.default\">\n\t\t\t\t<div class=\"elementor-widget-container\">\n\t\t\t\t\t<h5 class=\"elementor-heading-title elementor-size-default\">5. L\u2019investissement immobilier peut-il conduire \u00e0 la citoyennet\u00e9 turque ?<\/h5>\t\t\t\t<\/div>\n\t\t\t\t<\/div>\n\t\t\t\t<div class=\"elementor-element elementor-element-9ce04cf elementor-widget elementor-widget-text-editor\" data-id=\"9ce04cf\" data-element_type=\"widget\" data-widget_type=\"text-editor.default\">\n\t\t\t\t<div class=\"elementor-widget-container\">\n\t\t\t\t\t\t\t\t\t<p>Oui ! Exigences cl\u00e9s :<\/p><ul><li class=\"translation-block\"><strong>Investissement minimum<\/strong>: 400 000 $ dans une ou plusieurs propri\u00e9t\u00e9s (doit \u00eatre conserv\u00e9 pendant 3 ans) 410.<\/li><li class=\"translation-block\"><strong>Restriction du titre de propri\u00e9t\u00e9<\/strong>: L'acte doit comporter une mention interdisant la revente pendant 3 ans 10.<\/li><li class=\"translation-block\"><strong>D\u00e9lai de traitement<\/strong>: Citoyennet\u00e9 accord\u00e9e en 3 \u00e0 6 mois 18.<\/li><\/ul>\t\t\t\t\t\t\t\t<\/div>\n\t\t\t\t<\/div>\n\t\t\t\t<\/div>\n\t\t<div class=\"elementor-element elementor-element-b0d286d e-con-full e-flex e-con e-child\" data-id=\"b0d286d\" data-element_type=\"container\">\n\t\t\t\t<div class=\"elementor-element elementor-element-3fa0b62 elementor-widget elementor-widget-heading\" data-id=\"3fa0b62\" data-element_type=\"widget\" data-widget_type=\"heading.default\">\n\t\t\t\t<div class=\"elementor-widget-container\">\n\t\t\t\t\t<h5 class=\"elementor-heading-title elementor-size-default\">6. Quels sont les avantages de la r\u00e9sidence turque par le biais de la propri\u00e9t\u00e9 ?<\/h5>\t\t\t\t<\/div>\n\t\t\t\t<\/div>\n\t\t\t\t<div class=\"elementor-element elementor-element-567d75b elementor-widget elementor-widget-text-editor\" data-id=\"567d75b\" data-element_type=\"widget\" data-widget_type=\"text-editor.default\">\n\t\t\t\t<div class=\"elementor-widget-container\">\n\t\t\t\t\t\t\t\t\t<p class=\"translation-block\">L'achat d'une propri\u00e9t\u00e9 de 200 000 $ ou plus accorde\u00a0<strong> une r\u00e9sidence renouvelable<\/strong> avec les avantages 611 :<\/p><ul><li class=\"translation-block\"><strong>Inclusion familiale<\/strong>: Conjoint et enfants de moins de 18 ans inclus.<\/li><li class=\"translation-block\"><strong>Sant\u00e9\/\u00c9ducation<\/strong>: Acc\u00e8s aux services publics.<\/li><li class=\"translation-block\"><strong>Banque et mobilit\u00e9<\/strong> :Ouvrez des comptes turcs, obtenez un permis de conduire et voyagez sans visa en Turquie.<\/li><\/ul>\t\t\t\t\t\t\t\t<\/div>\n\t\t\t\t<\/div>\n\t\t\t\t<div class=\"elementor-element elementor-element-29b4aa8 elementor-widget elementor-widget-heading\" data-id=\"29b4aa8\" data-element_type=\"widget\" data-widget_type=\"heading.default\">\n\t\t\t\t<div class=\"elementor-widget-container\">\n\t\t\t\t\t<h5 class=\"elementor-heading-title elementor-size-default\">7. Quelles villes offrent le meilleur potentiel d\u2019investissement ?<\/h5>\t\t\t\t<\/div>\n\t\t\t\t<\/div>\n\t\t\t\t<div class=\"elementor-element elementor-element-baa09d8 elementor-widget elementor-widget-text-editor\" data-id=\"baa09d8\" data-element_type=\"widget\" data-widget_type=\"text-editor.default\">\n\t\t\t\t<div class=\"elementor-widget-container\">\n\t\t\t\t\t\t\t\t\t<table><thead><tr><td><p><strong>Ville<\/strong><\/p><\/td><td><p><strong>Points Forts<\/strong><\/p><\/td><td><p><strong>Gamme de prix (m\u00b2)<\/strong><\/p><\/td><\/tr><\/thead><tbody><tr><td><p><strong>Istanbul<\/strong><\/p><\/td><td><p>ROI \u00e9lev\u00e9 (luxe\/commercial) ; plus de 15 millions de r\u00e9sidents<\/p><\/td><td><p>1 000 $ \u00e0 2 500 $<\/p><\/td><\/tr><tr><td><p><strong>Antalya<\/strong><\/p><\/td><td><p>Haut lieu touristique : plages Pavillon bleu<\/p><\/td><td><p>800 $ \u00e0 1 500 $<\/p><\/td><\/tr><tr><td><p><strong>Bodrum<\/strong><\/p><\/td><td><p>Villas baln\u00e9aires haut de gamme ; locations haut de gamme<\/p><\/td><td><p>1 200 $ \u00e0 3 000 $<\/p><\/td><\/tr><tr><td><p><strong>Ankara<\/strong><\/p><\/td><td><p>Centre gouvernemental; baux stables \u00e0 long terme<\/p><\/td><td><p>500 $ \u00e0 1 200 $<\/p><\/td><\/tr><\/tbody><\/table><p><strong>\u00a0<\/strong><\/p>\t\t\t\t\t\t\t\t<\/div>\n\t\t\t\t<\/div>\n\t\t\t\t<div class=\"elementor-element elementor-element-9213260 elementor-widget elementor-widget-heading\" data-id=\"9213260\" data-element_type=\"widget\" data-widget_type=\"heading.default\">\n\t\t\t\t<div class=\"elementor-widget-container\">\n\t\t\t\t\t<h5 class=\"elementor-heading-title elementor-size-default\">8. De quels risques dois-je \u00eatre conscient ?<\/h5>\t\t\t\t<\/div>\n\t\t\t\t<\/div>\n\t\t\t\t<div class=\"elementor-element elementor-element-feb693a elementor-widget elementor-widget-text-editor\" data-id=\"feb693a\" data-element_type=\"widget\" data-widget_type=\"text-editor.default\">\n\t\t\t\t<div class=\"elementor-widget-container\">\n\t\t\t\t\t\t\t\t\t<ul><li class=\"translation-block\"><strong>Fluctuations mon\u00e9taires<\/strong> :La volatilit\u00e9 de la livre turque pourrait affecter la valeur de revente 912.<\/li><li class=\"translation-block\"><strong>Propri\u00e9t\u00e9s plus anciennes<\/strong>: Les b\u00e2timents de plus de 20 ans peuvent pr\u00e9senter des probl\u00e8mes structurels ; optez pour de nouveaux d\u00e9veloppements 9.<\/li><li class=\"translation-block\"><strong>Gestion:<\/strong> Les maisons de vacances n\u00e9cessitent des \u00e9quipes d'entretien locales 3.<\/li><\/ul>\t\t\t\t\t\t\t\t<\/div>\n\t\t\t\t<\/div>\n\t\t\t\t<div class=\"elementor-element elementor-element-a04e859 elementor-widget elementor-widget-heading\" data-id=\"a04e859\" data-element_type=\"widget\" data-widget_type=\"heading.default\">\n\t\t\t\t<div class=\"elementor-widget-container\">\n\t\t\t\t\t<h5 class=\"elementor-heading-title elementor-size-default\">9. Puis-je obtenir un financement en tant qu'\u00e9tranger ?<\/h5>\t\t\t\t<\/div>\n\t\t\t\t<\/div>\n\t\t\t\t<div class=\"elementor-element elementor-element-8c7d8ba elementor-widget elementor-widget-text-editor\" data-id=\"8c7d8ba\" data-element_type=\"widget\" data-widget_type=\"text-editor.default\">\n\t\t\t\t<div class=\"elementor-widget-container\">\n\t\t\t\t\t\t\t\t\t<p>Oui, mais:<\/p><ul><li class=\"translation-block\"><strong>Hypoth\u00e8ques<\/strong>: Options limit\u00e9es avec des taux d'int\u00e9r\u00eat allant jusqu'\u00e0 10 % pour les non-r\u00e9sidents 9.<\/li><li class=\"translation-block\"><strong>Acompte<\/strong>: G\u00e9n\u00e9ralement 30 \u00e0 50 % requis 9.<\/li><\/ul>\t\t\t\t\t\t\t\t<\/div>\n\t\t\t\t<\/div>\n\t\t\t\t<div class=\"elementor-element elementor-element-13b6dc7 elementor-widget elementor-widget-heading\" data-id=\"13b6dc7\" data-element_type=\"widget\" data-widget_type=\"heading.default\">\n\t\t\t\t<div class=\"elementor-widget-container\">\n\t\t\t\t\t<h5 class=\"elementor-heading-title elementor-size-default\">10. Comment sont impos\u00e9s les revenus locatifs ?<\/h5>\t\t\t\t<\/div>\n\t\t\t\t<\/div>\n\t\t\t\t<div class=\"elementor-element elementor-element-776d3bd elementor-widget elementor-widget-text-editor\" data-id=\"776d3bd\" data-element_type=\"widget\" data-widget_type=\"text-editor.default\">\n\t\t\t\t<div class=\"elementor-widget-container\">\n\t\t\t\t\t\t\t\t\t<ul>\n<li class=\"translation-block\"><strong>Taxe de location<\/strong>: Progressif 15\u201335 % sur le revenu net apr\u00e8s d\u00e9ductions 12.<\/li>\n<li class=\"translation-block\"><strong>Locations \u00e0 court terme <\/strong>::Exiger une licence et le consentement des voisins dans certaines zones 3.\n________________________________________<\/li>\n<\/ul>\n<p class=\"translation-block\"><b> Points cl\u00e9s \u00e0 retenir pour les investisseurs:<br><\/b>\n\n<img role=\"img\" class=\"emoji\" alt=\"\u2705\" src=\"https:\/\/s.w.org\/images\/core\/emoji\/15.1.0\/svg\/2705.svg\"> Citoyennet\u00e9 en 3 \u00e0 6 mois avec un investissement de 400 000 $ ou plus.<br>\n\n<img role=\"img\" class=\"emoji\" alt=\"\u2705\" src=\"https:\/\/s.w.org\/images\/core\/emoji\/15.1.0\/svg\/2705.svg\">  Les propri\u00e9t\u00e9s c\u00f4ti\u00e8res\/d'Istanbul offrent les rendements les plus \u00e9lev\u00e9s.<br>\n\n<img role=\"img\" class=\"emoji\" alt=\"\u2705\" src=\"https:\/\/s.w.org\/images\/core\/emoji\/15.1.0\/svg\/2705.svg\"> Le faible co\u00fbt de la vie augmente la rentabilit\u00e9 locative 16.<br> \n\n<img role=\"img\" class=\"emoji\" alt=\"\u26a0\ufe0f\" src=\"https:\/\/s.w.org\/images\/core\/emoji\/15.1.0\/svg\/26a0.svg\"> Faites toujours appel \u00e0 un agent agr\u00e9\u00e9 et \u00e0 un avocat pour v\u00e9rifier les titres et les permis 810<\/p>\t\t\t\t\t\t\t\t<\/div>\n\t\t\t\t<\/div>\n\t\t\t\t<\/div>\n\t\t\t\t\t<\/div>\n\t\t\t\t<\/div>\n\t\t\t\t<\/div>\n\t\t\t\t\t<\/div>\n\t\t\t\t<\/div>\n\t\t<div class=\"elementor-element elementor-element-c47ce3a e-con-full e-flex e-con e-parent\" data-id=\"c47ce3a\" data-element_type=\"container\" data-settings=\"{&quot;background_background&quot;:&quot;classic&quot;}\">\n\t\t<div class=\"elementor-element elementor-element-1e03e3b e-con-full e-flex e-con e-child\" data-id=\"1e03e3b\" data-element_type=\"container\">\n\t\t\t\t<div class=\"elementor-element elementor-element-4760d33 elementor-align-center elementor-icon-list--layout-traditional elementor-list-item-link-full_width elementor-widget elementor-widget-icon-list\" data-id=\"4760d33\" data-element_type=\"widget\" data-widget_type=\"icon-list.default\">\n\t\t\t\t<div class=\"elementor-widget-container\">\n\t\t\t\t\t\t\t<ul class=\"elementor-icon-list-items\">\n\t\t\t\t\t\t\t<li class=\"elementor-icon-list-item\">\n\t\t\t\t\t\t\t\t\t\t\t<span class=\"elementor-icon-list-icon\">\n\t\t\t\t\t\t\t<svg aria-hidden=\"true\" class=\"e-font-icon-svg e-fas-mobile-alt\" viewbox=\"0 0 320 512\" xmlns=\"http:\/\/www.w3.org\/2000\/svg\"><path d=\"M272 0H48C21.5 0 0 21.5 0 48v416c0 26.5 21.5 48 48 48h224c26.5 0 48-21.5 48-48V48c0-26.5-21.5-48-48-48zM160 480c-17.7 0-32-14.3-32-32s14.3-32 32-32 32 14.3 32 32-14.3 32-32 32zm112-108c0 6.6-5.4 12-12 12H60c-6.6 0-12-5.4-12-12V60c0-6.6 5.4-12 12-12h200c6.6 0 12 5.4 12 12v312z\"><\/path><\/svg>\t\t\t\t\t\t<\/span>\n\t\t\t\t\t\t\t\t\t\t<span class=\"elementor-icon-list-text\">+9 054 2302 8821<\/span>\n\t\t\t\t\t\t\t\t\t<\/li>\n\t\t\t\t\t\t<\/ul>\n\t\t\t\t\t\t<\/div>\n\t\t\t\t<\/div>\n\t\t\t\t<div class=\"elementor-element elementor-element-5609131 elementor-widget elementor-widget-heading\" data-id=\"5609131\" data-element_type=\"widget\" data-widget_type=\"heading.default\">\n\t\t\t\t<div class=\"elementor-widget-container\">\n\t\t\t\t\t<h2 class=\"elementor-heading-title elementor-size-default\">Trouvons ensemble la place que vous m\u00e9ritez<\/h2>\t\t\t\t<\/div>\n\t\t\t\t<\/div>\n\t\t\t\t<div class=\"elementor-element elementor-element-c713681 elementor-widget-divider--view-line elementor-widget elementor-widget-divider\" data-id=\"c713681\" data-element_type=\"widget\" data-widget_type=\"divider.default\">\n\t\t\t\t<div class=\"elementor-widget-container\">\n\t\t\t\t\t\t\t<div class=\"elementor-divider\">\n\t\t\t<span class=\"elementor-divider-separator\">\n\t\t\t\t\t\t<\/span>\n\t\t<\/div>\n\t\t\t\t\t\t<\/div>\n\t\t\t\t<\/div>\n\t\t\t\t<div class=\"elementor-element elementor-element-99afc21 elementor-widget elementor-widget-text-editor\" data-id=\"99afc21\" data-element_type=\"widget\" data-widget_type=\"text-editor.default\">\n\t\t\t\t<div class=\"elementor-widget-container\">\n\t\t\t\t\t\t\t\t\t<p>Trouver l\u2019appartement id\u00e9al est un voyage passionnant, et nous sommes l\u00e0 pour vous faciliter la t\u00e2che. Que vous r\u00eavez d'un studio chic en plein c\u0153ur de la ville ou d'un deux-pi\u00e8ces spacieux avec une vue imprenable,<\/p>\t\t\t\t\t\t\t\t<\/div>\n\t\t\t\t<\/div>\n\t\t\t\t<div class=\"elementor-element elementor-element-b3e70dd elementor-align-center elementor-widget elementor-widget-button\" data-id=\"b3e70dd\" data-element_type=\"widget\" data-widget_type=\"button.default\">\n\t\t\t\t<div class=\"elementor-widget-container\">\n\t\t\t\t\t\t\t\t\t<div class=\"elementor-button-wrapper\">\n\t\t\t\t\t<a class=\"elementor-button elementor-button-link elementor-size-lg\" href=\"https:\/\/liongateproperty.com\/fr\/contact\/\">\n\t\t\t\t\t\t<span class=\"elementor-button-content-wrapper\">\n\t\t\t\t\t\t\t\t\t<span class=\"elementor-button-text\">Contactez-nous<\/span>\n\t\t\t\t\t<\/span>\n\t\t\t\t\t<\/a>\n\t\t\t\t<\/div>\n\t\t\t\t\t\t\t\t<\/div>\n\t\t\t\t<\/div>\n\t\t\t\t<\/div>\n\t\t\t\t<\/div>\n\t\t\t\t<\/div>","protected":false},"excerpt":{"rendered":"<p>FAQ Real Estate Investment in Turkey for Foreigners Frequently Asked Questions 1. Why should foreigners consider investing in Turkish real estate? Turkey offers a\u00a0unique blend of affordability, high returns, and lifestyle benefits: Citizenship &amp; Residency: Invest $400,000+ to qualify for Turkish citizenship (includes family) or $200,000+ for renewable residency permits\u00a01411. Affordable Prices: Property costs average [&hellip;]<\/p>","protected":false},"author":1,"featured_media":0,"parent":0,"menu_order":0,"comment_status":"closed","ping_status":"closed","template":"","meta":{"_seopress_robots_primary_cat":"","_seopress_titles_title":"","_seopress_titles_desc":"","_seopress_robots_index":"","site-sidebar-layout":"no-sidebar","site-content-layout":"page-builder","ast-site-content-layout":"full-width-container","site-content-style":"unboxed","site-sidebar-style":"unboxed","ast-global-header-display":"","ast-banner-title-visibility":"","ast-main-header-display":"","ast-hfb-above-header-display":"","ast-hfb-below-header-display":"","ast-hfb-mobile-header-display":"","site-post-title":"disabled","ast-breadcrumbs-content":"disabled","ast-featured-img":"disabled","footer-sml-layout":"","theme-transparent-header-meta":"enabled","adv-header-id-meta":"","stick-header-meta":"","header-above-stick-meta":"","header-main-stick-meta":"","header-below-stick-meta":"","astra-migrate-meta-layouts":"set","ast-page-background-enabled":"default","ast-page-background-meta":{"desktop":{"background-color":"","background-image":"","background-repeat":"repeat","background-position":"center center","background-size":"auto","background-attachment":"scroll","background-type":"","background-media":"","overlay-type":"","overlay-color":"","overlay-opacity":"","overlay-gradient":""},"tablet":{"background-color":"","background-image":"","background-repeat":"repeat","background-position":"center center","background-size":"auto","background-attachment":"scroll","background-type":"","background-media":"","overlay-type":"","overlay-color":"","overlay-opacity":"","overlay-gradient":""},"mobile":{"background-color":"","background-image":"","background-repeat":"repeat","background-position":"center center","background-size":"auto","background-attachment":"scroll","background-type":"","background-media":"","overlay-type":"","overlay-color":"","overlay-opacity":"","overlay-gradient":""}},"ast-content-background-meta":{"desktop":{"background-color":"var(--ast-global-color-5)","background-image":"","background-repeat":"repeat","background-position":"center center","background-size":"auto","background-attachment":"scroll","background-type":"","background-media":"","overlay-type":"","overlay-color":"","overlay-opacity":"","overlay-gradient":""},"tablet":{"background-color":"var(--ast-global-color-5)","background-image":"","background-repeat":"repeat","background-position":"center center","background-size":"auto","background-attachment":"scroll","background-type":"","background-media":"","overlay-type":"","overlay-color":"","overlay-opacity":"","overlay-gradient":""},"mobile":{"background-color":"var(--ast-global-color-5)","background-image":"","background-repeat":"repeat","background-position":"center center","background-size":"auto","background-attachment":"scroll","background-type":"","background-media":"","overlay-type":"","overlay-color":"","overlay-opacity":"","overlay-gradient":""}},"footnotes":""},"class_list":["post-20","page","type-page","status-publish","hentry"],"_links":{"self":[{"href":"https:\/\/liongateproperty.com\/fr\/wp-json\/wp\/v2\/pages\/20","targetHints":{"allow":["GET"]}}],"collection":[{"href":"https:\/\/liongateproperty.com\/fr\/wp-json\/wp\/v2\/pages"}],"about":[{"href":"https:\/\/liongateproperty.com\/fr\/wp-json\/wp\/v2\/types\/page"}],"author":[{"embeddable":true,"href":"https:\/\/liongateproperty.com\/fr\/wp-json\/wp\/v2\/users\/1"}],"replies":[{"embeddable":true,"href":"https:\/\/liongateproperty.com\/fr\/wp-json\/wp\/v2\/comments?post=20"}],"version-history":[{"count":19,"href":"https:\/\/liongateproperty.com\/fr\/wp-json\/wp\/v2\/pages\/20\/revisions"}],"predecessor-version":[{"id":1406,"href":"https:\/\/liongateproperty.com\/fr\/wp-json\/wp\/v2\/pages\/20\/revisions\/1406"}],"wp:attachment":[{"href":"https:\/\/liongateproperty.com\/fr\/wp-json\/wp\/v2\/media?parent=20"}],"curies":[{"name":"wp","href":"https:\/\/api.w.org\/{rel}","templated":true}]}}