{"id":433,"date":"2025-03-28T20:46:07","date_gmt":"2025-03-28T19:46:07","guid":{"rendered":"https:\/\/liongateproperty.com\/index.php\/about-us\/"},"modified":"2025-04-11T04:10:27","modified_gmt":"2025-04-11T02:10:27","slug":"about-us","status":"publish","type":"page","link":"https:\/\/liongateproperty.com\/fr\/about-us\/","title":{"rendered":"\u00c0 propos"},"content":{"rendered":"<div data-elementor-type=\"wp-post\" data-elementor-id=\"433\" class=\"elementor elementor-433\" data-elementor-post-type=\"page\">\n\t\t\t\t<div class=\"elementor-element elementor-element-632cc97 e-flex e-con-boxed e-con e-parent\" data-id=\"632cc97\" data-element_type=\"container\" data-settings=\"{&quot;background_background&quot;:&quot;classic&quot;}\">\n\t\t\t\t\t<div class=\"e-con-inner\">\n\t\t<div class=\"elementor-element elementor-element-bbcd2a3 e-con-full e-flex e-con e-child\" data-id=\"bbcd2a3\" data-element_type=\"container\">\n\t\t\t\t<div class=\"elementor-element elementor-element-9fee128 elementor-widget elementor-widget-heading\" data-id=\"9fee128\" data-element_type=\"widget\" data-widget_type=\"heading.default\">\n\t\t\t\t<div class=\"elementor-widget-container\">\n\t\t\t\t\t<h2 class=\"elementor-heading-title elementor-size-default\">\u00c0 propos<\/h2>\t\t\t\t<\/div>\n\t\t\t\t<\/div>\n\t\t\t\t<div class=\"elementor-element elementor-element-fc7fc5b elementor-widget-divider--view-line elementor-widget elementor-widget-divider\" data-id=\"fc7fc5b\" data-element_type=\"widget\" data-widget_type=\"divider.default\">\n\t\t\t\t<div class=\"elementor-widget-container\">\n\t\t\t\t\t\t\t<div class=\"elementor-divider\">\n\t\t\t<span class=\"elementor-divider-separator\">\n\t\t\t\t\t\t<\/span>\n\t\t<\/div>\n\t\t\t\t\t\t<\/div>\n\t\t\t\t<\/div>\n\t\t\t\t<\/div>\n\t\t\t\t\t<\/div>\n\t\t\t\t<\/div>\n\t\t<div class=\"elementor-element elementor-element-92c30bd e-flex e-con-boxed e-con e-parent\" data-id=\"92c30bd\" data-element_type=\"container\" data-settings=\"{&quot;background_background&quot;:&quot;classic&quot;}\">\n\t\t\t\t\t<div class=\"e-con-inner\">\n\t\t<div class=\"elementor-element elementor-element-144d0ca e-con-full e-flex e-con e-child\" data-id=\"144d0ca\" data-element_type=\"container\">\n\t\t\t\t<div class=\"elementor-element elementor-element-23caa74 elementor-widget elementor-widget-heading\" data-id=\"23caa74\" data-element_type=\"widget\" data-widget_type=\"heading.default\">\n\t\t\t\t<div class=\"elementor-widget-container\">\n\t\t\t\t\t<h6 class=\"elementor-heading-title elementor-size-default\">Notre entreprise<\/h6>\t\t\t\t<\/div>\n\t\t\t\t<\/div>\n\t\t\t\t<div class=\"elementor-element elementor-element-9bc3135 elementor-widget elementor-widget-heading\" data-id=\"9bc3135\" data-element_type=\"widget\" data-widget_type=\"heading.default\">\n\t\t\t\t<div class=\"elementor-widget-container\">\n\t\t\t\t\t<h2 class=\"elementor-heading-title elementor-size-default\">Qui nous sommes<\/h2>\t\t\t\t<\/div>\n\t\t\t\t<\/div>\n\t\t\t\t<div class=\"elementor-element elementor-element-90db065 elementor-widget-divider--view-line elementor-widget elementor-widget-divider\" data-id=\"90db065\" data-element_type=\"widget\" data-widget_type=\"divider.default\">\n\t\t\t\t<div class=\"elementor-widget-container\">\n\t\t\t\t\t\t\t<div class=\"elementor-divider\">\n\t\t\t<span class=\"elementor-divider-separator\">\n\t\t\t\t\t\t<\/span>\n\t\t<\/div>\n\t\t\t\t\t\t<\/div>\n\t\t\t\t<\/div>\n\t\t<div class=\"elementor-element elementor-element-9687d53 e-flex e-con-boxed e-con e-child\" data-id=\"9687d53\" data-element_type=\"container\">\n\t\t\t\t\t<div class=\"e-con-inner\">\n\t\t<div class=\"elementor-element elementor-element-b2f2996 e-con-full e-flex e-con e-child\" data-id=\"b2f2996\" data-element_type=\"container\">\n\t\t\t\t<div class=\"elementor-element elementor-element-57da10e elementor-widget elementor-widget-heading\" data-id=\"57da10e\" data-element_type=\"widget\" data-widget_type=\"heading.default\">\n\t\t\t\t<div class=\"elementor-widget-container\">\n\t\t\t\t\t<h4 class=\"elementor-heading-title elementor-size-default\">Pr\u00e9sentation de l'entreprise<\/h4>\t\t\t\t<\/div>\n\t\t\t\t<\/div>\n\t\t\t\t<div class=\"elementor-element elementor-element-4828bd5 elementor-widget elementor-widget-heading\" data-id=\"4828bd5\" data-element_type=\"widget\" data-widget_type=\"heading.default\">\n\t\t\t\t<div class=\"elementor-widget-container\">\n\t\t\t\t\t<h6 class=\"elementor-heading-title elementor-size-default\">LionGate Properties est une soci\u00e9t\u00e9 de conseil et d'investissement immobilier de premier plan dont le si\u00e8ge est \u00e0 Istanbul, en Turquie, qui se concentre sp\u00e9cifiquement sur le service aux investisseurs ouest-africains cherchant \u00e0 capitaliser sur le march\u00e9 immobilier dynamique de la Turquie.  <\/h6>\t\t\t\t<\/div>\n\t\t\t\t<\/div>\n\t\t\t\t<div class=\"elementor-element elementor-element-5aa1688 elementor-widget elementor-widget-text-editor\" data-id=\"5aa1688\" data-element_type=\"widget\" data-widget_type=\"text-editor.default\">\n\t\t\t\t<div class=\"elementor-widget-container\">\n\t\t\t\t\t\t\t\t\t<p>At <strong>LionGate<\/strong>, nous comprenons qu'investir \u00e0 l'\u00e9tranger n\u00e9cessite plus qu'une simple connaissance du march\u00e9 : cela exige de la confiance, une sensibilit\u00e9 culturelle et un partenaire qui relie les continents. Nomm\u00e9s d\u2019apr\u00e8s le lion, symbole de force et de leadership dans l\u2019h\u00e9ritage ouest-africain et dans l\u2019histoire turque, nous incarnons la r\u00e9silience, l\u2019int\u00e9grit\u00e9 et l\u2019engagement envers l\u2019excellence.<\/p>\t\t\t\t\t\t\t\t<\/div>\n\t\t\t\t<\/div>\n\t\t\t\t<div class=\"elementor-element elementor-element-5fb220e elementor-widget elementor-widget-text-editor\" data-id=\"5fb220e\" data-element_type=\"widget\" data-widget_type=\"text-editor.default\">\n\t\t\t\t<div class=\"elementor-widget-container\">\n\t\t\t\t\t\t\t\t\t<h4>Ensemble, nous construisons des ponts. Ensemble, nous nous levons.<\/h4>\t\t\t\t\t\t\t\t<\/div>\n\t\t\t\t<\/div>\n\t\t\t\t<\/div>\n\t\t<div class=\"elementor-element elementor-element-c3e6dda e-con-full e-flex e-con e-child\" data-id=\"c3e6dda\" data-element_type=\"container\">\n\t\t\t\t<div class=\"elementor-element elementor-element-0f05072 elementor-widget elementor-widget-heading\" data-id=\"0f05072\" data-element_type=\"widget\" data-widget_type=\"heading.default\">\n\t\t\t\t<div class=\"elementor-widget-container\">\n\t\t\t\t\t<h4 class=\"elementor-heading-title elementor-size-default\">Responsabilit\u00e9<\/h4>\t\t\t\t<\/div>\n\t\t\t\t<\/div>\n\t\t\t\t<div class=\"elementor-element elementor-element-93729cb elementor-widget elementor-widget-text-editor\" data-id=\"93729cb\" data-element_type=\"widget\" data-widget_type=\"text-editor.default\">\n\t\t\t\t<div class=\"elementor-widget-container\">\n\t\t\t\t\t\t\t\t\t<p>Notre \u00e9quipe de professionnels chevronn\u00e9s offre des services de bout en bout, depuis l'identification de propri\u00e9t\u00e9s r\u00e9sidentielles et commerciales \u00e0 haut rendement jusqu'\u00e0 la navigation dans les cadres juridiques et l'obtention d'opportunit\u00e9s de citoyennet\u00e9 par investissement. Que vous souhaitiez diversifier votre portefeuille, acqu\u00e9rir une r\u00e9sidence secondaire ou explorer des projets commerciaux, nous proposons des solutions sur mesure qui correspondent \u00e0 vos objectifs financiers.<\/p>\t\t\t\t\t\t\t\t<\/div>\n\t\t\t\t<\/div>\n\t\t\t\t<div class=\"elementor-element elementor-element-69b97be elementor-widget elementor-widget-text-editor\" data-id=\"69b97be\" data-element_type=\"widget\" data-widget_type=\"text-editor.default\">\n\t\t\t\t<div class=\"elementor-widget-container\">\n\t\t\t\t\t\t\t\t\t<p>With <strong>LionGate Properties<\/strong>, vous n\u2019achetez pas seulement un bien immobilier : vous prenez pied dans l\u2019un des carrefours les plus strat\u00e9giques au monde. Laissez-nous vous guider \u00e0 travers les villes dynamiques, les c\u00f4tes pittoresques et les p\u00f4les \u00e9conomiques en plein essor de la Turquie, transformant votre vision en h\u00e9ritage.<\/p>\t\t\t\t\t\t\t\t<\/div>\n\t\t\t\t<\/div>\n\t\t\t\t<\/div>\n\t\t\t\t\t<\/div>\n\t\t\t\t<\/div>\n\t\t\t\t<\/div>\n\t\t\t\t\t<\/div>\n\t\t\t\t<\/div>\n\t\t<div class=\"elementor-element elementor-element-eb655d5 e-con-full e-flex e-con e-parent\" data-id=\"eb655d5\" data-element_type=\"container\" data-settings=\"{&quot;background_background&quot;:&quot;classic&quot;}\">\n\t\t<div class=\"elementor-element elementor-element-6b26107 e-con-full e-flex e-con e-child\" data-id=\"6b26107\" data-element_type=\"container\">\n\t\t\t\t<div class=\"elementor-element elementor-element-9fc25c3 elementor-widget elementor-widget-image\" data-id=\"9fc25c3\" data-element_type=\"widget\" data-widget_type=\"image.default\">\n\t\t\t\t<div class=\"elementor-widget-container\">\n\t\t\t\t\t\t\t\t\t\t\t\t\t\t\t<img alt=\"\" fetchpriority=\"high\" decoding=\"async\" width=\"1920\" height=\"900\" src=\"https:\/\/liongateproperty.com\/wp-content\/uploads\/2025\/04\/estate-about-img-01.jpg\" class=\"attachment-2048x2048 size-2048x2048 wp-image-1261\" srcset=\"https:\/\/liongateproperty.com\/wp-content\/uploads\/2025\/04\/estate-about-img-01.jpg 1920w, https:\/\/liongateproperty.com\/wp-content\/uploads\/2025\/04\/estate-about-img-01-300x141.jpg 300w, https:\/\/liongateproperty.com\/wp-content\/uploads\/2025\/04\/estate-about-img-01-1024x480.jpg 1024w, https:\/\/liongateproperty.com\/wp-content\/uploads\/2025\/04\/estate-about-img-01-768x360.jpg 768w, https:\/\/liongateproperty.com\/wp-content\/uploads\/2025\/04\/estate-about-img-01-1536x720.jpg 1536w\" sizes=\"(max-width: 1920px) 100vw, 1920px\" \/>\t\t\t\t\t\t\t\t\t\t\t\t\t\t\t<\/div>\n\t\t\t\t<\/div>\n\t\t\t\t<\/div>\n\t\t\t\t<\/div>\n\t\t<div class=\"elementor-element elementor-element-8d04d85 e-flex e-con-boxed e-con e-parent\" data-id=\"8d04d85\" data-element_type=\"container\">\n\t\t\t\t\t<div class=\"e-con-inner\">\n\t\t<div class=\"elementor-element elementor-element-1f2310b e-con-full e-flex e-con e-child\" data-id=\"1f2310b\" data-element_type=\"container\">\n\t\t<div class=\"elementor-element elementor-element-943d2a0 e-flex e-con-boxed e-con e-child\" data-id=\"943d2a0\" data-element_type=\"container\">\n\t\t\t\t\t<div class=\"e-con-inner\">\n\t\t<div class=\"elementor-element elementor-element-3eb91f6 e-con-full e-flex e-con e-child\" data-id=\"3eb91f6\" data-element_type=\"container\">\n\t\t\t\t<div class=\"elementor-element elementor-element-d6af02f elementor-widget elementor-widget-heading\" data-id=\"d6af02f\" data-element_type=\"widget\" data-widget_type=\"heading.default\">\n\t\t\t\t<div class=\"elementor-widget-container\">\n\t\t\t\t\t<h4 class=\"elementor-heading-title elementor-size-default\">Notre Vision<\/h4>\t\t\t\t<\/div>\n\t\t\t\t<\/div>\n\t\t\t\t<div class=\"elementor-element elementor-element-f49f603 elementor-widget elementor-widget-text-editor\" data-id=\"f49f603\" data-element_type=\"widget\" data-widget_type=\"text-editor.default\">\n\t\t\t\t<div class=\"elementor-widget-container\">\n\t\t\t\t\t\t\t\t\t<p>\u00catre la passerelle de confiance reliant l\u2019Afrique de l\u2019Ouest et la Turquie, permettant aux investisseurs de d\u00e9bloquer des opportunit\u00e9s de transformation dans l\u2019immobilier et de cr\u00e9er une richesse g\u00e9n\u00e9rationnelle \u00e0 travers les continents.<\/p>\t\t\t\t\t\t\t\t<\/div>\n\t\t\t\t<\/div>\n\t\t\t\t<\/div>\n\t\t<div class=\"elementor-element elementor-element-46d58a9 e-con-full e-flex e-con e-child\" data-id=\"46d58a9\" data-element_type=\"container\">\n\t\t\t\t<div class=\"elementor-element elementor-element-dbee98c elementor-widget elementor-widget-heading\" data-id=\"dbee98c\" data-element_type=\"widget\" data-widget_type=\"heading.default\">\n\t\t\t\t<div class=\"elementor-widget-container\">\n\t\t\t\t\t<h4 class=\"elementor-heading-title elementor-size-default\">Notre Mission<\/h4>\t\t\t\t<\/div>\n\t\t\t\t<\/div>\n\t\t\t\t<div class=\"elementor-element elementor-element-2c5c4a7 elementor-widget elementor-widget-text-editor\" data-id=\"2c5c4a7\" data-element_type=\"widget\" data-widget_type=\"text-editor.default\">\n\t\t\t\t<div class=\"elementor-widget-container\">\n\t\t\t\t\t\t\t\t\t<p><mark class=\"has-inline-color has-ast-global-color-3-color\">LionGate Properties connecte les investisseurs ambitieux d\u2019Afrique de l\u2019Ouest au march\u00e9 immobilier florissant de Turquie en leur fournissant des conseils d\u2019experts, des informations adapt\u00e9es \u00e0 la culture et des solutions d\u2019investissement s\u00e9curis\u00e9es. Nous simplifions les transactions transfrontali\u00e8res, accordons la priorit\u00e9 \u00e0 la transparence et favorisons les partenariats \u00e0 long terme pour transformer les aspirations en succ\u00e8s tangible.<\/mark><\/p>\t\t\t\t\t\t\t\t<\/div>\n\t\t\t\t<\/div>\n\t\t\t\t<\/div>\n\t\t\t\t\t<\/div>\n\t\t\t\t<\/div>\n\t\t\t\t<\/div>\n\t\t\t\t\t<\/div>\n\t\t\t\t<\/div>\n\t\t<div class=\"elementor-element elementor-element-edcc57b e-flex e-con-boxed e-con e-parent\" data-id=\"edcc57b\" data-element_type=\"container\" data-settings=\"{&quot;background_background&quot;:&quot;classic&quot;}\">\n\t\t\t\t\t<div class=\"e-con-inner\">\n\t\t<div class=\"elementor-element elementor-element-5fbf880 e-con-full e-flex e-con e-child\" data-id=\"5fbf880\" data-element_type=\"container\">\n\t\t<div class=\"elementor-element elementor-element-291ec53 e-flex e-con-boxed e-con e-child\" data-id=\"291ec53\" data-element_type=\"container\">\n\t\t\t\t\t<div class=\"e-con-inner\">\n\t\t<div class=\"elementor-element elementor-element-f655190 e-con-full e-flex e-con e-child\" data-id=\"f655190\" data-element_type=\"container\">\n\t\t\t\t<div class=\"elementor-element elementor-element-171f979 elementor-widget-divider--view-line elementor-widget elementor-widget-divider\" data-id=\"171f979\" data-element_type=\"widget\" data-widget_type=\"divider.default\">\n\t\t\t\t<div class=\"elementor-widget-container\">\n\t\t\t\t\t\t\t<div class=\"elementor-divider\">\n\t\t\t<span class=\"elementor-divider-separator\">\n\t\t\t\t\t\t<\/span>\n\t\t<\/div>\n\t\t\t\t\t\t<\/div>\n\t\t\t\t<\/div>\n\t\t\t\t<div class=\"elementor-element elementor-element-143c0be elementor-widget elementor-widget-counter\" data-id=\"143c0be\" data-element_type=\"widget\" data-widget_type=\"counter.default\">\n\t\t\t\t<div class=\"elementor-widget-container\">\n\t\t\t\t\t\t\t<div class=\"elementor-counter\">\n\t\t\t<div class=\"elementor-counter-title\">Appartements vendus<\/div>\t\t\t<div class=\"elementor-counter-number-wrapper\">\n\t\t\t\t<span class=\"elementor-counter-number-prefix\"><\/span>\n\t\t\t\t<span class=\"elementor-counter-number\" data-duration=\"2000\" data-to-value=\"1550\" data-from-value=\"0\" data-delimiter=\",\">0<\/span>\n\t\t\t\t<span class=\"elementor-counter-number-suffix\">+<\/span>\n\t\t\t<\/div>\n\t\t<\/div>\n\t\t\t\t\t\t<\/div>\n\t\t\t\t<\/div>\n\t\t\t\t<\/div>\n\t\t<div class=\"elementor-element elementor-element-682436d e-con-full e-flex e-con e-child\" data-id=\"682436d\" data-element_type=\"container\">\n\t\t\t\t<div class=\"elementor-element elementor-element-1787b05 elementor-widget-divider--view-line elementor-widget elementor-widget-divider\" data-id=\"1787b05\" data-element_type=\"widget\" data-widget_type=\"divider.default\">\n\t\t\t\t<div class=\"elementor-widget-container\">\n\t\t\t\t\t\t\t<div class=\"elementor-divider\">\n\t\t\t<span class=\"elementor-divider-separator\">\n\t\t\t\t\t\t<\/span>\n\t\t<\/div>\n\t\t\t\t\t\t<\/div>\n\t\t\t\t<\/div>\n\t\t\t\t<div class=\"elementor-element elementor-element-4ce5c21 elementor-widget elementor-widget-counter\" data-id=\"4ce5c21\" data-element_type=\"widget\" data-widget_type=\"counter.default\">\n\t\t\t\t<div class=\"elementor-widget-container\">\n\t\t\t\t\t\t\t<div class=\"elementor-counter\">\n\t\t\t<div class=\"elementor-counter-title\">Clients satisfaits<\/div>\t\t\t<div class=\"elementor-counter-number-wrapper\">\n\t\t\t\t<span class=\"elementor-counter-number-prefix\"><\/span>\n\t\t\t\t<span class=\"elementor-counter-number\" data-duration=\"2000\" data-to-value=\"4300\" data-from-value=\"0\" data-delimiter=\",\">0<\/span>\n\t\t\t\t<span class=\"elementor-counter-number-suffix\">+<\/span>\n\t\t\t<\/div>\n\t\t<\/div>\n\t\t\t\t\t\t<\/div>\n\t\t\t\t<\/div>\n\t\t\t\t<\/div>\n\t\t<div class=\"elementor-element elementor-element-5aca720 e-con-full e-flex e-con e-child\" data-id=\"5aca720\" data-element_type=\"container\">\n\t\t\t\t<div class=\"elementor-element elementor-element-95a90b0 elementor-widget-divider--view-line elementor-widget elementor-widget-divider\" data-id=\"95a90b0\" data-element_type=\"widget\" data-widget_type=\"divider.default\">\n\t\t\t\t<div class=\"elementor-widget-container\">\n\t\t\t\t\t\t\t<div class=\"elementor-divider\">\n\t\t\t<span class=\"elementor-divider-separator\">\n\t\t\t\t\t\t<\/span>\n\t\t<\/div>\n\t\t\t\t\t\t<\/div>\n\t\t\t\t<\/div>\n\t\t\t\t<div class=\"elementor-element elementor-element-dbab062 elementor-widget elementor-widget-counter\" data-id=\"dbab062\" data-element_type=\"widget\" data-widget_type=\"counter.default\">\n\t\t\t\t<div class=\"elementor-widget-container\">\n\t\t\t\t\t\t\t<div class=\"elementor-counter\">\n\t\t\t<div class=\"elementor-counter-title\">Maisons lou\u00e9es<\/div>\t\t\t<div class=\"elementor-counter-number-wrapper\">\n\t\t\t\t<span class=\"elementor-counter-number-prefix\"><\/span>\n\t\t\t\t<span class=\"elementor-counter-number\" data-duration=\"2000\" data-to-value=\"2380\" data-from-value=\"0\" data-delimiter=\",\">0<\/span>\n\t\t\t\t<span class=\"elementor-counter-number-suffix\">+<\/span>\n\t\t\t<\/div>\n\t\t<\/div>\n\t\t\t\t\t\t<\/div>\n\t\t\t\t<\/div>\n\t\t\t\t<\/div>\n\t\t<div class=\"elementor-element elementor-element-5b8f242 e-con-full e-flex e-con e-child\" data-id=\"5b8f242\" data-element_type=\"container\">\n\t\t\t\t<div class=\"elementor-element elementor-element-4f0d119 elementor-widget-divider--view-line elementor-widget elementor-widget-divider\" data-id=\"4f0d119\" data-element_type=\"widget\" data-widget_type=\"divider.default\">\n\t\t\t\t<div class=\"elementor-widget-container\">\n\t\t\t\t\t\t\t<div class=\"elementor-divider\">\n\t\t\t<span class=\"elementor-divider-separator\">\n\t\t\t\t\t\t<\/span>\n\t\t<\/div>\n\t\t\t\t\t\t<\/div>\n\t\t\t\t<\/div>\n\t\t\t\t<div class=\"elementor-element elementor-element-d91dd99 elementor-widget elementor-widget-counter\" data-id=\"d91dd99\" data-element_type=\"widget\" data-widget_type=\"counter.default\">\n\t\t\t\t<div class=\"elementor-widget-container\">\n\t\t\t\t\t\t\t<div class=\"elementor-counter\">\n\t\t\t<div class=\"elementor-counter-title\">Propri\u00e9t\u00e9s r\u00e9pertori\u00e9es<\/div>\t\t\t<div class=\"elementor-counter-number-wrapper\">\n\t\t\t\t<span class=\"elementor-counter-number-prefix\"><\/span>\n\t\t\t\t<span class=\"elementor-counter-number\" data-duration=\"2000\" data-to-value=\"13500\" data-from-value=\"0\" data-delimiter=\",\">0<\/span>\n\t\t\t\t<span class=\"elementor-counter-number-suffix\">+<\/span>\n\t\t\t<\/div>\n\t\t<\/div>\n\t\t\t\t\t\t<\/div>\n\t\t\t\t<\/div>\n\t\t\t\t<\/div>\n\t\t\t\t\t<\/div>\n\t\t\t\t<\/div>\n\t\t\t\t<\/div>\n\t\t\t\t\t<\/div>\n\t\t\t\t<\/div>\n\t\t\t\t<\/div>","protected":false},"excerpt":{"rendered":"<p>About Us Our Company Who We Are Company Introduction LionGate Properties is a leading real estate consultancy and investment firm headquartered in Istanbul, Turkey, with a dedicated focus on serving West African investors seeking to capitalize on Turkey\u2019s dynamic property market. At LionGate, we understand that investing abroad requires more than just market knowledge\u2014it demands [&hellip;]<\/p>","protected":false},"author":1,"featured_media":0,"parent":0,"menu_order":0,"comment_status":"closed","ping_status":"closed","template":"","meta":{"_seopress_robots_primary_cat":"","_seopress_titles_title":"","_seopress_titles_desc":"","_seopress_robots_index":"","site-sidebar-layout":"no-sidebar","site-content-layout":"page-builder","ast-site-content-layout":"full-width-container","site-content-style":"unboxed","site-sidebar-style":"unboxed","ast-global-header-display":"","ast-banner-title-visibility":"","ast-main-header-display":"","ast-hfb-above-header-display":"","ast-hfb-below-header-display":"","ast-hfb-mobile-header-display":"","site-post-title":"disabled","ast-breadcrumbs-content":"disabled","ast-featured-img":"disabled","footer-sml-layout":"","theme-transparent-header-meta":"enabled","adv-header-id-meta":"","stick-header-meta":"","header-above-stick-meta":"","header-main-stick-meta":"","header-below-stick-meta":"","astra-migrate-meta-layouts":"set","ast-page-background-enabled":"default","ast-page-background-meta":{"desktop":{"background-color":"","background-image":"","background-repeat":"repeat","background-position":"center center","background-size":"auto","background-attachment":"scroll","background-type":"","background-media":"","overlay-type":"","overlay-color":"","overlay-opacity":"","overlay-gradient":""},"tablet":{"background-color":"","background-image":"","background-repeat":"repeat","background-position":"center center","background-size":"auto","background-attachment":"scroll","background-type":"","background-media":"","overlay-type":"","overlay-color":"","overlay-opacity":"","overlay-gradient":""},"mobile":{"background-color":"","background-image":"","background-repeat":"repeat","background-position":"center center","background-size":"auto","background-attachment":"scroll","background-type":"","background-media":"","overlay-type":"","overlay-color":"","overlay-opacity":"","overlay-gradient":""}},"ast-content-background-meta":{"desktop":{"background-color":"var(--ast-global-color-5)","background-image":"","background-repeat":"repeat","background-position":"center center","background-size":"auto","background-attachment":"scroll","background-type":"","background-media":"","overlay-type":"","overlay-color":"","overlay-opacity":"","overlay-gradient":""},"tablet":{"background-color":"var(--ast-global-color-5)","background-image":"","background-repeat":"repeat","background-position":"center center","background-size":"auto","background-attachment":"scroll","background-type":"","background-media":"","overlay-type":"","overlay-color":"","overlay-opacity":"","overlay-gradient":""},"mobile":{"background-color":"var(--ast-global-color-5)","background-image":"","background-repeat":"repeat","background-position":"center center","background-size":"auto","background-attachment":"scroll","background-type":"","background-media":"","overlay-type":"","overlay-color":"","overlay-opacity":"","overlay-gradient":""}},"footnotes":""},"class_list":["post-433","page","type-page","status-publish","hentry"],"_links":{"self":[{"href":"https:\/\/liongateproperty.com\/fr\/wp-json\/wp\/v2\/pages\/433","targetHints":{"allow":["GET"]}}],"collection":[{"href":"https:\/\/liongateproperty.com\/fr\/wp-json\/wp\/v2\/pages"}],"about":[{"href":"https:\/\/liongateproperty.com\/fr\/wp-json\/wp\/v2\/types\/page"}],"author":[{"embeddable":true,"href":"https:\/\/liongateproperty.com\/fr\/wp-json\/wp\/v2\/users\/1"}],"replies":[{"embeddable":true,"href":"https:\/\/liongateproperty.com\/fr\/wp-json\/wp\/v2\/comments?post=433"}],"version-history":[{"count":13,"href":"https:\/\/liongateproperty.com\/fr\/wp-json\/wp\/v2\/pages\/433\/revisions"}],"predecessor-version":[{"id":1275,"href":"https:\/\/liongateproperty.com\/fr\/wp-json\/wp\/v2\/pages\/433\/revisions\/1275"}],"wp:attachment":[{"href":"https:\/\/liongateproperty.com\/fr\/wp-json\/wp\/v2\/media?parent=433"}],"curies":[{"name":"wp","href":"https:\/\/api.w.org\/{rel}","templated":true}]}}